{"id":356,"date":"2014-06-18T12:16:35","date_gmt":"2014-06-18T09:16:35","guid":{"rendered":"http:\/\/localhost\/laste\/?page_id=356"},"modified":"2026-01-15T09:18:26","modified_gmt":"2026-01-15T07:18:26","slug":"maskott","status":"publish","type":"page","link":"https:\/\/nkr.narvalib.ee\/lastekas\/et\/maskott","title":{"rendered":"Maskott"},"content":{"rendered":"<p><img loading=\"lazy\" class=\"aligncenter size-full wp-image-942\" src=\"http:\/\/nkr.narvalib.ee\/lastekas\/wp-content\/uploads\/2014\/06\/maskott.jpg\" alt=\"maskott\" width=\"300\" height=\"450\" srcset=\"https:\/\/nkr.narvalib.ee\/lastekas\/wp-content\/uploads\/2014\/06\/maskott.jpg 300w, https:\/\/nkr.narvalib.ee\/lastekas\/wp-content\/uploads\/2014\/06\/maskott-100x150.jpg 100w, https:\/\/nkr.narvalib.ee\/lastekas\/wp-content\/uploads\/2014\/06\/maskott-133x200.jpg 133w, https:\/\/nkr.narvalib.ee\/lastekas\/wp-content\/uploads\/2014\/06\/maskott-87x130.jpg 87w\" sizes=\"(max-width: 300px) 100vw, 300px\" \/><\/p>\n<p>Vana v\u00f5lur v\u00f5ttis endale noore \u00f5pilase. V\u00f5lur \u00f5petas talle\u00a0selgeks k\u00f5ik\u00a0n\u00f5idused\u00a0ja imetrikid, mida ta teadis.\u00a0M\u00f6\u00f6dus p\u00e4ris\u00a0palju aastaid ja v\u00f5lur\u00a0saatis\u00a0\u00f5pilase\u00a0maailma teadmisi otsima. V\u00f5luri \u00f5pilane maskeeris end tavaliseks poisiks ja reisis m\u00f6\u00f6da maad. Ta r\u00e4\u00e4kis lindudega laantes ja loomadega metsades. Ta veetis pikki p\u00e4evi kuulates lainete muusikat ja m\u00f6\u00f6da randa k\u00f5ndides r\u00e4\u00e4kis v\u00e4ikeste kaladega.<\/p>\n<p>L\u00f5puks j\u00f5udis v\u00f5luri \u00f5pilane \u00fchte suure j\u00f5e \u00e4\u00e4res asuvasse linna. Ta otsustas linna inimeste k\u00e4est k\u00fcsida kust saab teadmisi.<\/p>\n<p>\u201eKoolist.\u201c Vastas \u00fcks v\u00e4ike poiss. Aga koolis oli v\u00f5luri \u00f5pilane kunagi k\u00e4inud ja ta teadis, et koolis tuleb teadmiste saamiseks kaua k\u00e4ia.<\/p>\n<p>\u201e Raamatutest.\u201c Vastas kooli\u00f5petaja. \u201e Ja raamatuid saab raamatukogust.\u201c<\/p>\n<p>V\u00f5luri \u00f5pilane polnud kunagi varem raamatukogus k\u00e4inud seega seadis ta oma sammud selle suunas.<\/p>\n<p>Linna raamatukogu oli suur ja kandiline hoone. Kui poisikeseks maskeerunud \u00f5pilane raamatukokku sisse astus sattus ta segadusse, kuhu ta n\u00fc\u00fcd t\u00e4pselt minema peaks? Igal pool liikusid inimesed tosinas erinevas suunas.\u00a0 L\u00f5puks juhatas keegi ta treppidest \u00fcles raamatulinna. V\u00f5luri \u00f5pilane luges tundide viisi erinevaid raamatuid. Ta istus n\u00e4htamatuna p\u00e4evade viisi raamatukogus ja luges. Kui ta silmad \u00e4ra v\u00e4sisid j\u00e4lgis ta enda \u00fcmber liikuvaid lapsi ja raamatukoguhoidjaid.<\/p>\n<p>Kuu aega hiljem oli ta lugenud l\u00e4bi k\u00f5ik raamatud, mis talle huvi pakkusid ja otsustas vana v\u00f5luri juurde tagasi minna.<\/p>\n<p>T\u00e4nu t\u00e4heks raamatutest saadud teadmiste eest j\u00e4ttis ta raamatukokku kingituse. Raamatukoguhoidjad leidsid \u00fchel hommikul t\u00f6\u00f6le tulles oma saalist suure pruuni\u00a0muna.\u00a0 P\u00e4rast pikka uurimist tuli v\u00e4lja, et tegemist oli draakoni munaga.<\/p>\n<p>M\u00f5ne aja p\u00e4rast koorus\u00a0 munast pisike draakonipoeg, kes v\u00f5itis kohe k\u00f5igi raamatukogut\u00f6\u00f6tajate s\u00fcdamed. Talle pandi nimeks Julius.<\/p>\n<p>Ilmnes, et Julius armastab raamatuid ja lastega m\u00e4ngida. Vahel kutsub ta lapsi endale k\u00fclla ning k\u00e4ib ka ise erinevatel raamatulinna \u00fcritustel.<\/p>\n<p>Veel meeldib Juliusele kirju saada ja neile vastata.<\/p>\n<p>Juliusele saab kirjutada aadressil:<\/p>\n<p><a href=\"mailto:jul&#105;us&#64;nar&#118;&#97;lib.&#101;&#101;\">j&#117;l&#105;u&#115;&#64;n&#97;rv&#97;lib&#46;ee<\/a><\/p>\n","protected":false},"excerpt":{"rendered":"<p>Vana v\u00f5lur v\u00f5ttis endale noore \u00f5pilase. V\u00f5lur \u00f5petas talle\u00a0selgeks k\u00f5ik\u00a0n\u00f5idused\u00a0ja imetrikid, mida ta teadis.\u00a0M\u00f6\u00f6dus p\u00e4ris\u00a0palju aastaid ja v\u00f5lur\u00a0saatis\u00a0\u00f5pilase\u00a0maailma teadmisi otsima. V\u00f5luri \u00f5pilane maskeeris end tavaliseks poisiks ja reisis m\u00f6\u00f6da maad. Ta r\u00e4\u00e4kis lindudega laantes ja loomadega metsades. Ta veetis pikki&#8230;<br \/><a class=\"read-more-button\" href=\"https:\/\/nkr.narvalib.ee\/lastekas\/et\/maskott\">\u0414\u0410\u041b\u0415\u0415<\/a><\/p>\n","protected":false},"author":3,"featured_media":0,"parent":0,"menu_order":0,"comment_status":"open","ping_status":"open","template":"","meta":[],"_links":{"self":[{"href":"https:\/\/nkr.narvalib.ee\/lastekas\/wp-json\/wp\/v2\/pages\/356"}],"collection":[{"href":"https:\/\/nkr.narvalib.ee\/lastekas\/wp-json\/wp\/v2\/pages"}],"about":[{"href":"https:\/\/nkr.narvalib.ee\/lastekas\/wp-json\/wp\/v2\/types\/page"}],"author":[{"embeddable":true,"href":"https:\/\/nkr.narvalib.ee\/lastekas\/wp-json\/wp\/v2\/users\/3"}],"replies":[{"embeddable":true,"href":"https:\/\/nkr.narvalib.ee\/lastekas\/wp-json\/wp\/v2\/comments?post=356"}],"version-history":[{"count":0,"href":"https:\/\/nkr.narvalib.ee\/lastekas\/wp-json\/wp\/v2\/pages\/356\/revisions"}],"wp:attachment":[{"href":"https:\/\/nkr.narvalib.ee\/lastekas\/wp-json\/wp\/v2\/media?parent=356"}],"curies":[{"name":"wp","href":"https:\/\/api.w.org\/{rel}","templated":true}]}}