{"id":360,"date":"2014-06-18T12:17:57","date_gmt":"2014-06-18T09:17:57","guid":{"rendered":"http:\/\/localhost\/laste\/?page_id=360"},"modified":"2026-01-22T15:25:53","modified_gmt":"2026-01-22T13:25:53","slug":"opetajatele","status":"publish","type":"page","link":"https:\/\/nkr.narvalib.ee\/lastekas\/et\/opetajatele","title":{"rendered":"\u00d5petajatele"},"content":{"rendered":"<p><span style=\"font-size: 14pt;\"><strong>Lasteaedadele:<\/strong><\/span><\/p>\n<div style=\"background-color: #fffdd6; border: 1px solid #454545; padding: 5px;\">\n<p><span style=\"font-family: verdana, geneva, sans-serif;\"><strong><span style=\"font-size: 14pt;\">\u00abRaamatukogu kotis\u00bb<\/span><\/strong><\/span><\/p>\n<p><img loading=\"lazy\" style=\"float: left;\" src=\"http:\/\/nkr.narvalib.ee\/images\/news\/sumka.jpg\" alt=\"sumka\" width=\"204\" height=\"153\" \/><span style=\"font-family: verdana, geneva, sans-serif;\">\u00abRaamatukogu kotis\u00bb &#8212; tegemist on suure raamatukogu logo kandva kotiga, mis antakse 21 p\u00e4evaks lasteaiar\u00fchma. Kott sisaldab 15-20 raamatut, mis on eelnevalt r\u00fchma pedagoogi v\u00f5i raamatukoguhoidja poolt v\u00e4lja valitud. Esimesel korral saabub kott r\u00fchma koos raamatukogu lasteosakonna maskoti draakonipoeg Juliusega, samuti tutvustatakse lastele l\u00fchidalt kotis sisalduvat kirjandust. Raamatukogu kotis v\u00f5ib lasteaiar\u00fchma kutsuda nii \u00fche korra kui kasutada antud teenust kogu kooliaasta v\u00e4ltel.<\/span><\/p>\n<p><span style=\"font-family: verdana, geneva, sans-serif;\">Antud projekt aitab kaasa raamatukogu populariseerimisele laste, lapsevanemate ja koolieelsete asutuste pedagoogide seas, tutvustab lasteaia lastele raamatukogu t\u00f6\u00f6d, laiendab laste maailmavaadet ning toetab lugema \u00f5ppimist.<\/span><\/p>\n<p>&nbsp;<\/p>\n<p><span style=\"font-family: verdana, geneva, sans-serif;\"><strong>Lisainfo: Narva Keskraamatukogu lasteosakond. Tel. 35 91467.<\/strong><\/span><\/p>\n<\/div>\n<p>&nbsp;<\/p>\n<p><span style=\"font-family: verdana, geneva, sans-serif;\">Kooli ettevalmistusr\u00fchmade \u00f5pilastele 2025\/2026. \u00f5ppeaastal pakutavad raamatukogutunnid:<\/span><\/p>\n<table width=\"633\">\n<tbody>\n<tr>\n<td width=\"137\"><span style=\"font-family: verdana, geneva, sans-serif;\"><strong>\u00dcrituse nimi<\/strong><\/span><\/td>\n<td width=\"118\"><span style=\"font-family: verdana, geneva, sans-serif;\"><strong>T\u00fc\u00fcp<\/strong><\/span><\/td>\n<td width=\"291\"><span style=\"font-family: verdana, geneva, sans-serif;\"><strong>L\u00fchikirjeldus<\/strong><\/span><\/td>\n<td width=\"87\"><span style=\"font-family: verdana, geneva, sans-serif;\"><strong>Aeg<\/strong><\/span><\/td>\n<\/tr>\n<tr>\n<td width=\"137\"><span style=\"font-family: verdana, geneva, sans-serif;\">Avastusretk raamaturiiulite vahele<\/span><\/td>\n<td width=\"118\"><span style=\"font-family: verdana, geneva, sans-serif;\">Hariv<\/span><\/td>\n<td width=\"291\"><span style=\"font-family: verdana, geneva, sans-serif;\">Tutvustav tund, kus lapsed saavad avastada raamatukogu maailma \u2013 alates hiigelraamatutest kuni k\u00f5ige pisemateni. Eraldi t\u00e4helepanu saavad suurt\u00e4htraamatud, mis sobivad ideaalselt lugemist harjutavatele lastele.<\/span><\/td>\n<td width=\"87\"><span style=\"font-family: verdana, geneva, sans-serif;\">oktoober<\/span><\/td>\n<\/tr>\n<tr>\n<td width=\"137\"><span style=\"font-family: verdana, geneva, sans-serif;\">Aasta 2025 tegijad looduses<\/span><\/td>\n<td width=\"118\"><span style=\"font-family: verdana, geneva, sans-serif;\">Arendav<\/span><\/td>\n<td width=\"291\"><span style=\"font-family: verdana, geneva, sans-serif;\">Loodusteemaline s\u00fcndmus, mis innustab lapsi m\u00e4rkama ja m\u00f5istma meid \u00fcmbritsevat keskkonda.<\/span><\/td>\n<td width=\"87\"><span style=\"font-family: verdana, geneva, sans-serif;\">november<\/span><\/td>\n<\/tr>\n<tr>\n<td width=\"137\"><span style=\"font-family: verdana, geneva, sans-serif;\">Kuulge, kuulge, tuleb juba&#8230;<\/span><\/td>\n<td width=\"118\"><span style=\"font-family: verdana, geneva, sans-serif;\">Meelelahutuslik<\/span><\/td>\n<td width=\"291\"><span style=\"font-family: verdana, geneva, sans-serif;\">L\u00f5bus ja j\u00f5uluootuses s\u00e4rtsu andev \u00fcritus, t\u00e4is \u00fcllatusi ja j\u00f5ululugusid.<\/span><\/td>\n<td width=\"87\"><span style=\"font-family: verdana, geneva, sans-serif;\">detsember<\/span><\/td>\n<\/tr>\n<tr>\n<td width=\"137\"><span style=\"font-family: verdana, geneva, sans-serif;\">Lumememme saladused<\/span><\/td>\n<td width=\"118\"><span style=\"font-family: verdana, geneva, sans-serif;\">Hariv ja meelelahutuslik<\/span><\/td>\n<td width=\"291\"><span style=\"font-family: verdana, geneva, sans-serif;\">Talveteemaline \u00fcritus, kus m\u00e4ng ja \u00f5ppimine k\u00e4ivad k\u00e4sik\u00e4es.<\/span><\/td>\n<td width=\"87\"><span style=\"font-family: verdana, geneva, sans-serif;\">jaanuar<\/span><\/td>\n<\/tr>\n<tr>\n<td width=\"137\"><span style=\"font-family: verdana, geneva, sans-serif;\">Presidendilood (Aino Perviku raamatu ainetel)<\/span><\/td>\n<td width=\"118\"><span style=\"font-family: verdana, geneva, sans-serif;\">Hariv<\/span><\/td>\n<td width=\"291\"><span style=\"font-family: verdana, geneva, sans-serif;\">Hariv kohtumine lugude kaudu, mis tutvustavad Eesti Vabariigi presidendi rolli ja olulisust.<\/span><\/td>\n<td width=\"87\"><span style=\"font-family: verdana, geneva, sans-serif;\">veebruar<\/span><\/td>\n<\/tr>\n<tr>\n<td width=\"137\"><span style=\"font-family: verdana, geneva, sans-serif;\">Kevad tuleb k\u00fclla<\/span><\/td>\n<td width=\"118\"><span style=\"font-family: verdana, geneva, sans-serif;\">Hariv ja meelelahutuslik<\/span><\/td>\n<td width=\"291\"><span style=\"font-family: verdana, geneva, sans-serif;\">Kevade tulekust inspireeritud r\u00f5\u00f5mus \u00fcritus looduse, v\u00e4rvide ja valgusega.<\/span><\/td>\n<td width=\"87\"><span style=\"font-family: verdana, geneva, sans-serif;\">m\u00e4rts<\/span><\/td>\n<\/tr>\n<tr>\n<td width=\"137\"><span style=\"font-family: verdana, geneva, sans-serif;\">Une-Matiga m\u00f6\u00f6da Eestit (Dagmar Normeti raamatu ainetel)<\/span><\/td>\n<td width=\"118\"><span style=\"font-family: verdana, geneva, sans-serif;\">Arendav m\u00e4ng<\/span><\/td>\n<td width=\"291\"><span style=\"font-family: verdana, geneva, sans-serif;\">M\u00e4nguline retk l\u00e4bi Eesti unejuttude saatel, kus fantaasia ja \u00f5ppimine p\u00f5imuvad.<\/span><\/td>\n<td width=\"87\"><span style=\"font-family: verdana, geneva, sans-serif;\">aprill<\/span><\/td>\n<\/tr>\n<tr>\n<td width=\"137\"><span style=\"font-family: verdana, geneva, sans-serif;\">Imeline moondumine (Eric Carle\u2019i muinasjutu \u201eR\u00f6\u00f6vikul on k\u00f5ht t\u00fchi\u201c ainetel)<\/span><\/td>\n<td width=\"118\"><span style=\"font-family: verdana, geneva, sans-serif;\">Hariv ja loov<\/span><\/td>\n<td width=\"291\"><span style=\"font-family: verdana, geneva, sans-serif;\">Avastusretk l\u00e4bi \u00f6koloogilise muinasjutu, kus j\u00e4lgitakse r\u00f6\u00f6viku muutumist kauniks liblikaks.<\/span><\/td>\n<td width=\"87\"><span style=\"font-family: verdana, geneva, sans-serif;\">mai<\/span><\/td>\n<\/tr>\n<\/tbody>\n<\/table>\n<p>&nbsp;<\/p>\n<p><span style=\"font-family: verdana, geneva, sans-serif;\">Eelinfo ja registreerumine: 3591467<\/span><\/p>\n<p>&nbsp;<\/p>\n<p><span style=\"font-family: verdana, geneva, sans-serif;\"><strong><span style=\"font-size: 14pt;\">Koolidele:<\/span><\/strong><\/span><\/p>\n<p><span style=\"font-family: verdana, geneva, sans-serif;\">2025\/2026. \u00f5ppeaastal pakutavad raamatukogutunnid:<\/span><\/p>\n<table width=\"623\">\n<tbody>\n<tr>\n<td width=\"74\"><span style=\"font-family: verdana, geneva, sans-serif;\"><strong>Klass<\/strong><\/span><\/td>\n<td width=\"459\"><span style=\"font-family: verdana, geneva, sans-serif;\"><strong>\u00dcritus<\/strong><\/span><\/td>\n<td width=\"82\"><span style=\"font-family: verdana, geneva, sans-serif;\"><strong>Aeg<\/strong><\/span><\/td>\n<\/tr>\n<tr>\n<td width=\"74\"><span style=\"font-family: verdana, geneva, sans-serif;\">1. klass<\/span><\/td>\n<td width=\"459\"><span style=\"font-family: verdana, geneva, sans-serif;\">Raamatukogutund \u201eReis raamatulinna\u201c<\/span><\/td>\n<td width=\"82\"><\/td>\n<\/tr>\n<tr>\n<td width=\"74\"><\/td>\n<td width=\"459\"><span style=\"font-family: verdana, geneva, sans-serif;\">Eesti aasta 2025 tegijad looduses<\/span><\/td>\n<td width=\"82\"><span style=\"font-family: verdana, geneva, sans-serif;\">detsember<\/span><\/td>\n<\/tr>\n<tr>\n<td width=\"74\"><\/td>\n<td width=\"459\"><span style=\"font-family: verdana, geneva, sans-serif;\">Eesti aasta 2026 tegijad looduses<\/span><\/td>\n<td width=\"82\"><span style=\"font-family: verdana, geneva, sans-serif;\">m\u00e4rts-mai<\/span><\/td>\n<\/tr>\n<tr>\n<td width=\"74\"><\/td>\n<td width=\"459\"><span style=\"font-family: verdana, geneva, sans-serif;\">T\u00e4hestikum\u00e4ng<\/span><\/td>\n<td width=\"82\"><\/td>\n<\/tr>\n<tr>\n<td width=\"74\"><\/td>\n<td width=\"459\"><span style=\"font-family: verdana, geneva, sans-serif;\">\u201eLumememme saladused\u201c: hariv ja meelelahutuslik<\/span><\/td>\n<td width=\"82\"><span style=\"font-family: verdana, geneva, sans-serif;\">talv<\/span><\/td>\n<\/tr>\n<tr>\n<td width=\"74\"><\/td>\n<td width=\"459\"><span style=\"font-family: verdana, geneva, sans-serif;\">Imeline muutumine (Eric Carle\u2019i muinasjutu \u201eR\u00f6\u00f6vikul on k\u00f5ht t\u00fchi\u201c ainetel)<\/span><\/td>\n<td width=\"82\"><span style=\"font-family: verdana, geneva, sans-serif;\">aprill-mai<\/span><\/td>\n<\/tr>\n<tr>\n<td width=\"74\"><span style=\"font-family: verdana, geneva, sans-serif;\">2. klass<\/span><\/td>\n<td width=\"459\"><span style=\"font-family: verdana, geneva, sans-serif;\">Raamatukogutund \u201eReis raamatulinna\u201c<\/span><\/td>\n<td width=\"82\"><\/td>\n<\/tr>\n<tr>\n<td width=\"74\"><\/td>\n<td width=\"459\"><span style=\"font-family: verdana, geneva, sans-serif;\">Eesti aasta 2026 tegijad looduses<\/span><\/td>\n<td width=\"82\"><span style=\"font-family: verdana, geneva, sans-serif;\">m\u00e4rts-mai<\/span><\/td>\n<\/tr>\n<tr>\n<td width=\"74\"><\/td>\n<td width=\"459\"><span style=\"font-family: verdana, geneva, sans-serif;\">T\u00e4hestikum\u00e4ng<\/span><\/td>\n<td width=\"82\"><\/td>\n<\/tr>\n<tr>\n<td width=\"74\"><\/td>\n<td width=\"459\"><span style=\"font-family: verdana, geneva, sans-serif;\">\u201eUne-Matiga m\u00f6\u00f6da Eestit\u201c (Dagmar Normeti raamatu ainetel)<\/span><\/td>\n<td width=\"82\"><span style=\"font-family: verdana, geneva, sans-serif;\">aprill<\/span><\/td>\n<\/tr>\n<tr>\n<td width=\"74\"><span style=\"font-family: verdana, geneva, sans-serif;\">3. klass<\/span><\/td>\n<td width=\"459\"><span style=\"font-family: verdana, geneva, sans-serif;\">Raamatukogutund \u201eReis raamatulinna\u201c<\/span><\/td>\n<td width=\"82\"><\/td>\n<\/tr>\n<tr>\n<td width=\"74\"><\/td>\n<td width=\"459\"><span style=\"font-family: verdana, geneva, sans-serif;\">Eesti aasta 2026 tegijad looduses<\/span><\/td>\n<td width=\"82\"><span style=\"font-family: verdana, geneva, sans-serif;\">m\u00e4rts-mai<\/span><\/td>\n<\/tr>\n<tr>\n<td width=\"74\"><\/td>\n<td width=\"459\"><span style=\"font-family: verdana, geneva, sans-serif;\">T\u00e4hestikum\u00e4ng<\/span><\/td>\n<td width=\"82\"><\/td>\n<\/tr>\n<tr>\n<td width=\"74\"><\/td>\n<td width=\"459\"><span style=\"font-family: verdana, geneva, sans-serif;\">\u201ePuhas planeet algab meist\u201c \u2013 hariv tund sorteerimist ja taaskasutusest<\/span><\/td>\n<td width=\"82\"><\/td>\n<\/tr>\n<tr>\n<td width=\"74\"><span style=\"font-family: verdana, geneva, sans-serif;\">4. klass<\/span><\/td>\n<td width=\"459\"><span style=\"font-family: verdana, geneva, sans-serif;\">Raamatukogutund \u201eReis raamatulinna\u201c<\/span><\/td>\n<td width=\"82\"><\/td>\n<\/tr>\n<tr>\n<td width=\"74\"><\/td>\n<td width=\"459\"><span style=\"font-family: verdana, geneva, sans-serif;\">Eesti aasta 2026 tegijad looduses<\/span><\/td>\n<td width=\"82\"><span style=\"font-family: verdana, geneva, sans-serif;\">m\u00e4rts-mai<\/span><\/td>\n<\/tr>\n<tr>\n<td width=\"74\"><\/td>\n<td width=\"459\"><span style=\"font-family: verdana, geneva, sans-serif;\">T\u00e4hestikum\u00e4ng<\/span><\/td>\n<td width=\"82\"><\/td>\n<\/tr>\n<tr>\n<td width=\"74\"><\/td>\n<td width=\"459\"><span style=\"font-family: verdana, geneva, sans-serif;\">\u201ePuhas planeet algab meist\u201c \u2013 hariv tund sorteerimist ja taaskasutusest<\/span><\/td>\n<td width=\"82\"><\/td>\n<\/tr>\n<tr>\n<td width=\"74\"><span style=\"font-family: verdana, geneva, sans-serif;\">5. klass<\/span><\/td>\n<td width=\"459\"><span style=\"font-family: verdana, geneva, sans-serif;\">Raamatukogutund \u201eReis raamatulinna\u201c<\/span><\/td>\n<td width=\"82\"><\/td>\n<\/tr>\n<tr>\n<td width=\"74\"><\/td>\n<td width=\"459\"><span style=\"font-family: verdana, geneva, sans-serif;\">Eesti aasta 2026 tegijad looduses<\/span><\/td>\n<td width=\"82\"><span style=\"font-family: verdana, geneva, sans-serif;\">m\u00e4rts-mai<\/span><\/td>\n<\/tr>\n<tr>\n<td width=\"74\"><\/td>\n<td width=\"459\"><span style=\"font-family: verdana, geneva, sans-serif;\">Looduskaitsen\u00e4ituse \u201eHoia, mida armastad\u201c \u00f5ppetund<\/span><\/td>\n<td width=\"82\"><\/td>\n<\/tr>\n<tr>\n<td width=\"74\"><\/td>\n<td width=\"459\"><span style=\"font-family: verdana, geneva, sans-serif;\">\u201eTuttav ja tundmatu Eesti\u201c: viktoriin <em>(kahekeelne)<\/em><\/span><\/td>\n<td width=\"82\"><\/td>\n<\/tr>\n<tr>\n<td width=\"74\"><\/td>\n<td width=\"459\"><span style=\"font-family: verdana, geneva, sans-serif;\">\u201ePuhas planeet algab meist\u201c \u2013 hariv tund sorteerimist ja taaskasutusest<\/span><\/td>\n<td width=\"82\"><\/td>\n<\/tr>\n<tr>\n<td width=\"74\"><span style=\"font-family: verdana, geneva, sans-serif;\">6. klass<\/span><\/td>\n<td width=\"459\"><span style=\"font-family: verdana, geneva, sans-serif;\">Raamatukogutund \u201eReis raamatulinna\u201c<\/span><\/td>\n<td width=\"82\"><\/td>\n<\/tr>\n<tr>\n<td width=\"74\"><\/td>\n<td width=\"459\"><span style=\"font-family: verdana, geneva, sans-serif;\">Eesti aasta 2026 tegijad looduses<\/span><\/td>\n<td width=\"82\"><span style=\"font-family: verdana, geneva, sans-serif;\">m\u00e4rts-mai<\/span><\/td>\n<\/tr>\n<tr>\n<td width=\"74\"><\/td>\n<td width=\"459\"><span style=\"font-family: verdana, geneva, sans-serif;\">Looduskaitsen\u00e4ituse \u201eHoia, mida armastad\u201c \u00f5ppetund<\/span><\/td>\n<td width=\"82\"><\/td>\n<\/tr>\n<tr>\n<td width=\"74\"><\/td>\n<td width=\"459\"><span style=\"font-family: verdana, geneva, sans-serif;\">\u201eTuttav ja tundmatu Eesti\u201c: viktoriin <em>(kahekeelne)<\/em><\/span><\/td>\n<td width=\"82\"><\/td>\n<\/tr>\n<tr>\n<td width=\"74\"><span style=\"font-family: verdana, geneva, sans-serif;\">7. klass<\/span><\/td>\n<td width=\"459\"><span style=\"font-family: verdana, geneva, sans-serif;\">Raamatukogutund \u201eReis raamatulinna\u201c<\/span><\/td>\n<td width=\"82\"><\/td>\n<\/tr>\n<tr>\n<td width=\"74\"><\/td>\n<td width=\"459\"><span style=\"font-family: verdana, geneva, sans-serif;\">Looduskaitsen\u00e4ituse \u201eHoia, mida armastad\u201c \u00f5ppetund<\/span><\/td>\n<td width=\"82\"><\/td>\n<\/tr>\n<tr>\n<td width=\"74\"><\/td>\n<td width=\"459\"><span style=\"font-family: verdana, geneva, sans-serif;\">Eesti aasta 2026 tegijad looduses<\/span><\/td>\n<td width=\"82\"><span style=\"font-family: verdana, geneva, sans-serif;\">m\u00e4rts-mai<\/span><\/td>\n<\/tr>\n<tr>\n<td width=\"74\"><\/td>\n<td width=\"459\"><span style=\"font-family: verdana, geneva, sans-serif;\">\u201eTuttav ja tundmatu Eesti\u201c: viktoriin<\/span><\/td>\n<td width=\"82\"><\/td>\n<\/tr>\n<tr>\n<td width=\"74\"><span style=\"font-family: verdana, geneva, sans-serif;\">8.-9. klass<\/span><\/td>\n<td width=\"459\"><span style=\"font-family: verdana, geneva, sans-serif;\">Raamatukogutund \u201eReis raamatulinna\u201c<\/span><\/td>\n<td width=\"82\"><\/td>\n<\/tr>\n<tr>\n<td width=\"74\"><\/td>\n<td width=\"459\"><span style=\"font-family: verdana, geneva, sans-serif;\">Looduskaitsen\u00e4ituse \u201eHoia, mida armastad\u201c \u00f5ppetund<\/span><\/td>\n<td width=\"82\"><\/td>\n<\/tr>\n<tr>\n<td width=\"74\"><\/td>\n<td width=\"459\"><span style=\"font-family: verdana, geneva, sans-serif;\">Raamatukogutund &#171;Infootsing ja uurimist\u00f6\u00f6 allikad. Teadusinfo internetis&#187;<\/span><\/td>\n<td width=\"82\"><\/td>\n<\/tr>\n<\/tbody>\n<\/table>\n<p><span style=\"font-family: verdana, geneva, sans-serif;\">Lisainfo ja registreerumine: 3591467<\/span><\/p>\n","protected":false},"excerpt":{"rendered":"<p>Lasteaedadele: \u00abRaamatukogu kotis\u00bb \u00abRaamatukogu kotis\u00bb &#8212; tegemist on suure raamatukogu logo kandva kotiga, mis antakse 21 p\u00e4evaks lasteaiar\u00fchma. Kott sisaldab 15-20 raamatut, mis on eelnevalt r\u00fchma pedagoogi v\u00f5i raamatukoguhoidja poolt v\u00e4lja valitud. Esimesel korral saabub kott r\u00fchma koos raamatukogu lasteosakonna&#8230;<br \/><a class=\"read-more-button\" href=\"https:\/\/nkr.narvalib.ee\/lastekas\/et\/opetajatele\">\u0414\u0410\u041b\u0415\u0415<\/a><\/p>\n","protected":false},"author":3,"featured_media":0,"parent":0,"menu_order":0,"comment_status":"open","ping_status":"open","template":"","meta":[],"_links":{"self":[{"href":"https:\/\/nkr.narvalib.ee\/lastekas\/wp-json\/wp\/v2\/pages\/360"}],"collection":[{"href":"https:\/\/nkr.narvalib.ee\/lastekas\/wp-json\/wp\/v2\/pages"}],"about":[{"href":"https:\/\/nkr.narvalib.ee\/lastekas\/wp-json\/wp\/v2\/types\/page"}],"author":[{"embeddable":true,"href":"https:\/\/nkr.narvalib.ee\/lastekas\/wp-json\/wp\/v2\/users\/3"}],"replies":[{"embeddable":true,"href":"https:\/\/nkr.narvalib.ee\/lastekas\/wp-json\/wp\/v2\/comments?post=360"}],"version-history":[{"count":0,"href":"https:\/\/nkr.narvalib.ee\/lastekas\/wp-json\/wp\/v2\/pages\/360\/revisions"}],"wp:attachment":[{"href":"https:\/\/nkr.narvalib.ee\/lastekas\/wp-json\/wp\/v2\/media?parent=360"}],"curies":[{"name":"wp","href":"https:\/\/api.w.org\/{rel}","templated":true}]}}