{"id":366,"date":"2014-06-18T12:20:08","date_gmt":"2014-06-18T09:20:08","guid":{"rendered":"http:\/\/localhost\/laste\/?page_id=366"},"modified":"2026-01-15T09:54:32","modified_gmt":"2026-01-15T07:54:32","slug":"konkurssid-viktoriinid","status":"publish","type":"page","link":"https:\/\/nkr.narvalib.ee\/lastekas\/et\/konkurssid-viktoriinid","title":{"rendered":"Viktoriinid, konkursid"},"content":{"rendered":"<p><img loading=\"lazy\" class=\"alignleft\" src=\"https:\/\/i.pinimg.com\/originals\/01\/6d\/da\/016ddafdfd1e171600c138733d47eca2.jpg\" alt=\"Picture background\" width=\"190\" height=\"317\" \/><\/p>\n<p><span style=\"font-size: 12pt;\"><strong>Kogupere e-viktoriin \u201cImelised j\u00f5ululood\u201d<\/strong><\/span><\/p>\n<p>Varsti on k\u00e4es k\u00f5ige helgemad ja r\u00f5\u00f5murohked p\u00fchad &#8212; j\u00f5ulud ja aastavahetus. K\u00f5ik ootavad sel ajal imesid, s\u00fcdamesoojust, armastust ning k\u00f5ikide soovide t\u00e4itumist. P\u00fchadega k\u00e4ivad kaasas kodukaunistamine, s\u00f5prade ja tuttavate meelespidamine ning maiustuste jagamine. K\u00f5ige t\u00e4htsam on aga hea meeleolu loomine ja hoolimine.<\/p>\n<p>Narva Keskraamatukogu tahab p\u00fchade ajal jagada teiega talviseid ja meeleolukaid lugusid ning kutsub osalema e-viktoriinis! Kasuks tuleb allolevate raamatute lugemine v\u00f5i nende p\u00f5hjal tehtud helisalvestiste kuulamine Eesti Rahvusringh\u00e4\u00e4lingust (ERR):<\/p>\n<ul>\n<li>Vallik, Aidi. Kui j\u00f5uluvana hiljaks j\u00e4i\u00a0 <a href=\"https:\/\/lasteekraan.err.ee\/807996\/ohtujutt-kui-jouluvana-hiljaks-jai\">https:\/\/lasteekraan.err.ee\/807996\/ohtujutt-kui-jouluvana-hiljaks-jai<\/a><\/li>\n<li>Kass, Kristiina. J\u00f5uluvana habe\u00a0 <a href=\"https:\/\/lasteekraan.err.ee\/799701\/ohtujutt-jouluvana-habe\">https:\/\/lasteekraan.err.ee\/799701\/ohtujutt-jouluvana-habe<\/a><\/li>\n<li>Parij\u00f5gi, J\u00fcri. J\u00f5uluk\u00fc\u00fcnal \u00a0<a href=\"https:\/\/klassikaraadio.err.ee\/1204357\">https:\/\/klassikaraadio.err.ee\/1204357<\/a><\/li>\n<li>K\u00e4o, Henno. J\u00f5ulumahvia \u00a0<a href=\"https:\/\/vikerraadio.err.ee\/879231\/ohtujutt-lastele\">https:\/\/vikerraadio.err.ee\/879231\/ohtujutt-lastele<\/a><\/li>\n<\/ul>\n<p>ja vaadake l\u00f5busat multifilmi lepatriinutest j\u00f5uluajal: <a href=\"https:\/\/jupiter.err.ee\/1203331\/lepatriinude-joulud\">https:\/\/jupiter.err.ee\/1203331\/lepatriinude-joulud<\/a><\/p>\n<p>Parimatele auhinnad!<\/p>\n<p>Viktoriini tingimuste, k\u00fcsimuste ja auhindadega saate tutvuda <a href=\"https:\/\/nkr.narvalib.ee\/index.php\/et\/4547-imelised-j-ululood\">SIIN<\/a>.<\/p>\n<p>Soovime edu!<\/p>\n<p><a href=\"https:\/\/ie.pinterest.com\/putilina1986\/%D1%80%D1%96%D0%B7%D0%B4%D0%B2%D0%BE\/\">Pilt<\/a><\/p>\n<p>&nbsp;<\/p>\n<p style=\"text-align: center;\"><strong><img loading=\"lazy\" class=\"alignleft\" src=\"https:\/\/www.vanaraamat.ee\/data\/lastekas492.jpg\" width=\"158\" height=\"247\" \/><\/strong><\/p>\n<p>&nbsp;<\/p>\n<p style=\"text-align: center;\"><strong><span style=\"font-size: 12pt;\">Viktoriin Friedrich Reinhold Kreutzwaldi muinasjutu <a href=\"https:\/\/learningapps.org\/view18859468\">&#171;Kullaketrajad&#187;<\/a> p\u00f5hjal<\/span><\/strong><\/p>\n<p>&#171;Tahan teile vanade p\u00e4evade p\u00e4randusest \u00fche kena jutu vesta, mis sel ajal s\u00fcndinud, kus veel murud muistsel kombel neljajalgsete ja suliliste keeletarkust kuulsid&#187;.<\/p>\n<p><em>Fr. R. Kreutzwald<\/em><\/p>\n<p>&nbsp;<\/p>\n<h2><\/h2>\n<p>&nbsp;<\/p>\n<h2><img loading=\"lazy\" class=\"alignleft\" src=\"https:\/\/avatars.mds.yandex.net\/get-pdb\/1623506\/82f0f442-9c36-4e29-b779-edf259e28d35\/s1200?webp=false\" width=\"164\" height=\"202\" \/><\/h2>\n<p style=\"text-align: center;\"><span style=\"font-size: 12pt;\"><strong>E-viktoriin \u00abPu\u0161kini muinasjutud\u00bb. <\/strong><\/span><\/p>\n<p style=\"text-align: center;\"><span style=\"font-size: 12pt;\"><strong>Kontrollige enda teadmisi!<\/strong><\/span><\/p>\n<p>Pu\u0161kini muinasjuttudes loodud unistuste riiki, mis on m\u00f5eldud nii lastele kui t\u00e4iskasvanutele, tuntakse kogu maailmas! Need lossid tulevad meiega kaasa alates lapsep\u00f5lvest ning j\u00e4\u00e4vad meiega kogu eluks. Lihtsaks teeb loetu meeldej\u00e4tmise Pu\u0161kini kerge ja ladus s\u00f5nastus.<\/p>\n<p>Raamatukogu pakub teile\u00a0<a href=\"https:\/\/learningapps.org\/watch?v=po6cbtcjk20\">v\u00e4lkviktoriini, mis koosneb k\u00fcmnest k\u00fcsimusest<\/a>\u00a0ning on koostatud teoste \u201cMuinasjutt tsaar Saltaanist\u201d, \u201cMuinasjutt surnud tsaaritaarist ja seitsmest v\u00e4gilasest\u201d, \u201cMuinasjutt kuldsest kukest\u201d ainetel. K\u00fcsimustele vastates saate meelde tuletada andeka autori imelisi lugusid. Aga kui te veel neid lugenud, siis saate seda teha n\u00fc\u00fcd ja teid ootab ees \u00f5nnelik kohtumine maailma kirjanduse parimate paladega!<\/p>\n<p><em>Pilt: https:\/\/yandex.ua\/collections\/user\/ok-griczencko2016\/lukomore\/<\/em><\/p>\n","protected":false},"excerpt":{"rendered":"<p>Kogupere e-viktoriin \u201cImelised j\u00f5ululood\u201d Varsti on k\u00e4es k\u00f5ige helgemad ja r\u00f5\u00f5murohked p\u00fchad &#8212; j\u00f5ulud ja aastavahetus. K\u00f5ik ootavad sel ajal imesid, s\u00fcdamesoojust, armastust ning k\u00f5ikide soovide t\u00e4itumist. P\u00fchadega k\u00e4ivad kaasas kodukaunistamine, s\u00f5prade ja tuttavate meelespidamine ning maiustuste jagamine. K\u00f5ige t\u00e4htsam&#8230;<br \/><a class=\"read-more-button\" href=\"https:\/\/nkr.narvalib.ee\/lastekas\/et\/konkurssid-viktoriinid\">\u0414\u0410\u041b\u0415\u0415<\/a><\/p>\n","protected":false},"author":3,"featured_media":0,"parent":0,"menu_order":0,"comment_status":"open","ping_status":"open","template":"","meta":[],"_links":{"self":[{"href":"https:\/\/nkr.narvalib.ee\/lastekas\/wp-json\/wp\/v2\/pages\/366"}],"collection":[{"href":"https:\/\/nkr.narvalib.ee\/lastekas\/wp-json\/wp\/v2\/pages"}],"about":[{"href":"https:\/\/nkr.narvalib.ee\/lastekas\/wp-json\/wp\/v2\/types\/page"}],"author":[{"embeddable":true,"href":"https:\/\/nkr.narvalib.ee\/lastekas\/wp-json\/wp\/v2\/users\/3"}],"replies":[{"embeddable":true,"href":"https:\/\/nkr.narvalib.ee\/lastekas\/wp-json\/wp\/v2\/comments?post=366"}],"version-history":[{"count":0,"href":"https:\/\/nkr.narvalib.ee\/lastekas\/wp-json\/wp\/v2\/pages\/366\/revisions"}],"wp:attachment":[{"href":"https:\/\/nkr.narvalib.ee\/lastekas\/wp-json\/wp\/v2\/media?parent=366"}],"curies":[{"name":"wp","href":"https:\/\/api.w.org\/{rel}","templated":true}]}}