{"id":404,"date":"2014-06-19T11:16:01","date_gmt":"2014-06-19T08:16:01","guid":{"rendered":"http:\/\/localhost\/laste\/?page_id=404"},"modified":"2026-01-16T09:36:19","modified_gmt":"2026-01-16T07:36:19","slug":"lasteosakonna-laenutusosakond","status":"publish","type":"page","link":"https:\/\/nkr.narvalib.ee\/lastekas\/et\/lasteosakonna-struktuur\/lasteosakonna-laenutusosakond","title":{"rendered":"Lasteala"},"content":{"rendered":"<div align=\"center\">\n<p data-start=\"172\" data-end=\"232\"><span style=\"font-family: verdana, geneva, sans-serif;\"><em>Lastele esimestest eluaastatest kuni 12. eluaastani<\/em><\/span><\/p>\n<p data-start=\"234\" data-end=\"473\"><span style=\"font-family: verdana, geneva, sans-serif;\">Raamatukogu lasteala on soe, valgusk\u00fcllane ja turvaline paik, kus lapsed ja pered on oodatud avastama raamatute, m\u00e4ngu ja loovuse maailma. Iga laps saab siin tegutseda omas tempos ning kogeda lugemisr\u00f5\u00f5mu loomulikul ja m\u00e4ngulisel viisil.<\/span><\/p>\n<p data-start=\"475\" data-end=\"775\"><span style=\"font-family: verdana, geneva, sans-serif;\">K\u00f5ige pisematele on loodud hubased pesad pehmete vaipade, m\u00e4nguasjade ja arendavate materjalidega. Neid ootavad esimesed raamatuelamused \u2013 v\u00e4rvikad pildiraamatud, heliraamatud ja m\u00e4ngulised vigurraamatud. M\u00e4ngides ja koos lugedes t\u00e4rkab huvi raamatute vastu ning maailm tema \u00fcmber muutub avaramaks.<\/span><\/p>\n<p data-start=\"777\" data-end=\"1099\"><span style=\"font-family: verdana, geneva, sans-serif;\">Vanemad lapsed saavad kujundada oma lugemistee ise \u2013 valida raamatuid, s\u00fcveneda lugudesse ja lasta fantaasial lennata. Riiulitelt leiab muinasjutte ja jutustusi, teadmisterohket aimekirjandust, lasteajakirju, m\u00e4ngulisi eriraamatuid ning kauneid illustratsioonidega v\u00e4ljaandeid, mis pakuvad avastamisr\u00f5\u00f5mu igale lugejale.<\/span><\/p>\n<p data-start=\"1101\" data-end=\"1379\"><span style=\"font-family: verdana, geneva, sans-serif;\">Lisaks lugemisele on lastealas ruumi ka m\u00e4ngule. Laua- ja arendavad m\u00e4ngud aitavad arendada t\u00e4helepanu, kujutlusv\u00f5imet, loogilist m\u00f5tlemist ja suhtlemisoskust ning pakuvad r\u00f5\u00f5mu koos tegutsemisest. M\u00e4ngudest saavad sillad suhtlemiseks, tutvumiseks ja \u00fchisteks loovtegevusteks.<\/span><\/p>\n<p data-start=\"1381\" data-end=\"1603\"><span style=\"font-family: verdana, geneva, sans-serif;\">Lasteala elab ja hingab koos oma k\u00fclastajatega. Siin toimuvad regulaarselt t\u00f6\u00f6toad, \u00f5ppetegevused ja pere\u00fcritused, mis toovad kokku lapsed ja t\u00e4iskasvanud ning pakuvad \u00fchiseid elamusi, innustades koos avastama ja \u00f5ppima.<\/span><\/p>\n<p data-start=\"1605\" data-end=\"1870\"><span style=\"font-family: verdana, geneva, sans-serif;\">See on paik, kus raamatud ja m\u00e4ng toovad avastamisr\u00f5\u00f5mu, lapsed loovad uusi s\u00f5prussidemeid ning t\u00e4iskasvanud saavad jagada koos lugemise hetki. Lasteala on lapsep\u00f5lve maailm, kus huvi lugemise ja teadmiste vastu t\u00e4rkab loomulikult ning kasvab koos lapse arenguga.<\/span><\/p>\n<\/div>\n<div align=\"center\"><span style=\"font-family: verdana, geneva, sans-serif;\">Jelena Marova<\/span><br \/>\n<img loading=\"lazy\" class=\"alignnone size-full wp-image-283\" src=\"http:\/\/nkr.narvalib.ee\/lastekas\/wp-content\/uploads\/2014\/06\/IMG_6933.jpg\" alt=\"IMG_6933\" width=\"250\" height=\"246\" srcset=\"https:\/\/nkr.narvalib.ee\/lastekas\/wp-content\/uploads\/2014\/06\/IMG_6933.jpg 250w, https:\/\/nkr.narvalib.ee\/lastekas\/wp-content\/uploads\/2014\/06\/IMG_6933-150x148.jpg 150w, https:\/\/nkr.narvalib.ee\/lastekas\/wp-content\/uploads\/2014\/06\/IMG_6933-200x197.jpg 200w, https:\/\/nkr.narvalib.ee\/lastekas\/wp-content\/uploads\/2014\/06\/IMG_6933-130x128.jpg 130w\" sizes=\"(max-width: 250px) 100vw, 250px\" \/><\/div>\n","protected":false},"excerpt":{"rendered":"<p>Lastele esimestest eluaastatest kuni 12. eluaastani Raamatukogu lasteala on soe, valgusk\u00fcllane ja turvaline paik, kus lapsed ja pered on oodatud avastama raamatute, m\u00e4ngu ja loovuse maailma. Iga laps saab siin tegutseda omas tempos ning kogeda lugemisr\u00f5\u00f5mu loomulikul ja m\u00e4ngulisel viisil&#8230;.<br \/><a class=\"read-more-button\" href=\"https:\/\/nkr.narvalib.ee\/lastekas\/et\/lasteosakonna-struktuur\/lasteosakonna-laenutusosakond\">\u0414\u0410\u041b\u0415\u0415<\/a><\/p>\n","protected":false},"author":3,"featured_media":0,"parent":354,"menu_order":0,"comment_status":"open","ping_status":"open","template":"","meta":[],"_links":{"self":[{"href":"https:\/\/nkr.narvalib.ee\/lastekas\/wp-json\/wp\/v2\/pages\/404"}],"collection":[{"href":"https:\/\/nkr.narvalib.ee\/lastekas\/wp-json\/wp\/v2\/pages"}],"about":[{"href":"https:\/\/nkr.narvalib.ee\/lastekas\/wp-json\/wp\/v2\/types\/page"}],"author":[{"embeddable":true,"href":"https:\/\/nkr.narvalib.ee\/lastekas\/wp-json\/wp\/v2\/users\/3"}],"replies":[{"embeddable":true,"href":"https:\/\/nkr.narvalib.ee\/lastekas\/wp-json\/wp\/v2\/comments?post=404"}],"version-history":[{"count":0,"href":"https:\/\/nkr.narvalib.ee\/lastekas\/wp-json\/wp\/v2\/pages\/404\/revisions"}],"up":[{"embeddable":true,"href":"https:\/\/nkr.narvalib.ee\/lastekas\/wp-json\/wp\/v2\/pages\/354"}],"wp:attachment":[{"href":"https:\/\/nkr.narvalib.ee\/lastekas\/wp-json\/wp\/v2\/media?parent=404"}],"curies":[{"name":"wp","href":"https:\/\/api.w.org\/{rel}","templated":true}]}}