{"id":406,"date":"2014-06-19T11:16:30","date_gmt":"2014-06-19T09:16:30","guid":{"rendered":"http:\/\/localhost\/laste\/?page_id=406"},"modified":"2026-01-20T12:33:26","modified_gmt":"2026-01-20T10:33:26","slug":"noorteala","status":"publish","type":"page","link":"https:\/\/nkr.narvalib.ee\/lastekas\/et\/lasteosakonna-struktuur\/noorteala","title":{"rendered":"Noorteala"},"content":{"rendered":"<p data-start=\"96\" data-end=\"308\"><span style=\"font-family: verdana, geneva, sans-serif;\">Noorteala on m\u00f5eldud keskastme \u00f5pilastele ning pakub m\u00f5nusat ja inspireerivat keskkonda lugemiseks, \u00f5ppimiseks ja vaba aja veetmiseks. See on koht, kus kohtuvad raamatud, huvitavad teadmised ja noorte enda huvid.<\/span><\/p>\n<p data-start=\"310\" data-end=\"680\"><span style=\"font-family: verdana, geneva, sans-serif;\">Siin on lai valik raamatuid, sealhulgas ilukirjandus, aimekirjandus, kooli\u00f5pinguteks vajalikud teosed ning kaasaegne noortekirjandus. Lisaks leiab siit manga ja graafilisi romaane ning eriti suure valiku fantaasia- ja ulmeraamatuid. Valikus on ka krimi- ja seikluslood, lood s\u00f5prusest ja esimesest armastusest, maailmaklassika ning raamatud erinevates v\u00f5\u00f5rkeeltes.<\/span><\/p>\n<p data-start=\"682\" data-end=\"931\"><span style=\"font-family: verdana, geneva, sans-serif;\">Raamatukogu pakub enamat kui ainult lugemist. Siin saab kasutada arvuteid ja internetti, m\u00e4ngida lauam\u00e4nge ning osaleda m\u00e4ngu\u00f5htutel, viktoriinides ja muudes tegevustes. See on koht, kus on hea olla, huvitav tegutseda ning leida uusi elamusi ja s\u00f5pru.<\/span><\/p>\n","protected":false},"excerpt":{"rendered":"<p>Noorteala on m\u00f5eldud keskastme \u00f5pilastele ning pakub m\u00f5nusat ja inspireerivat keskkonda lugemiseks, \u00f5ppimiseks ja vaba aja veetmiseks. See on koht, kus kohtuvad raamatud, huvitavad teadmised ja noorte enda huvid. Siin on lai valik raamatuid, sealhulgas ilukirjandus, aimekirjandus, kooli\u00f5pinguteks vajalikud teosed&#8230;<br \/><a class=\"read-more-button\" href=\"https:\/\/nkr.narvalib.ee\/lastekas\/et\/lasteosakonna-struktuur\/noorteala\">\u0414\u0410\u041b\u0415\u0415<\/a><\/p>\n","protected":false},"author":3,"featured_media":0,"parent":354,"menu_order":0,"comment_status":"open","ping_status":"closed","template":"","meta":[],"_links":{"self":[{"href":"https:\/\/nkr.narvalib.ee\/lastekas\/wp-json\/wp\/v2\/pages\/406"}],"collection":[{"href":"https:\/\/nkr.narvalib.ee\/lastekas\/wp-json\/wp\/v2\/pages"}],"about":[{"href":"https:\/\/nkr.narvalib.ee\/lastekas\/wp-json\/wp\/v2\/types\/page"}],"author":[{"embeddable":true,"href":"https:\/\/nkr.narvalib.ee\/lastekas\/wp-json\/wp\/v2\/users\/3"}],"replies":[{"embeddable":true,"href":"https:\/\/nkr.narvalib.ee\/lastekas\/wp-json\/wp\/v2\/comments?post=406"}],"version-history":[{"count":0,"href":"https:\/\/nkr.narvalib.ee\/lastekas\/wp-json\/wp\/v2\/pages\/406\/revisions"}],"up":[{"embeddable":true,"href":"https:\/\/nkr.narvalib.ee\/lastekas\/wp-json\/wp\/v2\/pages\/354"}],"wp:attachment":[{"href":"https:\/\/nkr.narvalib.ee\/lastekas\/wp-json\/wp\/v2\/media?parent=406"}],"curies":[{"name":"wp","href":"https:\/\/api.w.org\/{rel}","templated":true}]}}