{"id":6225,"date":"2020-09-12T14:58:19","date_gmt":"2020-09-12T12:58:19","guid":{"rendered":"http:\/\/www.narvalib.ee\/lastekas\/?page_id=6225"},"modified":"2026-03-31T13:19:53","modified_gmt":"2026-03-31T11:19:53","slug":"loeme-koos-youtubeis","status":"publish","type":"page","link":"https:\/\/nkr.narvalib.ee\/lastekas\/et\/loeme-koos-youtubeis","title":{"rendered":"Loeme koos YouTube\u2019is"},"content":{"rendered":"<p><img loading=\"lazy\" class=\"alignleft\" src=\"https:\/\/avatanplus.com\/files\/resources\/original\/589601e43dfce15a09f7639e.png\" width=\"189\" height=\"189\" \/><span style=\"font-family: verdana, geneva, sans-serif;\">Narva Keskraamatukogu pakub raamatute ettelugemist YouTube\u2019i kanalis esmasp\u00e4eviti kell 15.00. Etteloetavad raamatud on olemas Narva Keskraamatukogu kogudes ja k\u00f5igile k\u00e4ttesaadavad. Tutvustame nii unustuseh\u00f5lma vajunud autoreid kui ka avastame uusi ning v\u00e4hetuntuid kirjanikke. Kanal sobib erinevate p\u00f5lvkondade esindajatele.<\/span><\/p>\n<p><span style=\"font-family: verdana, geneva, sans-serif;\"><a href=\"https:\/\/www.youtube.com\/channel\/UCnFfPjxxAzmDAJ3zFA0saJA\">K\u00fclastage meid!<\/a><\/span><\/p>\n<p><span style=\"font-family: verdana, geneva, sans-serif;\">Kuulake, vaadake, jagage infot oma s\u00f5pradele, andke tagasisidet!<\/span><\/p>\n<p>&nbsp;<\/p>\n<p><span style=\"font-family: verdana, geneva, sans-serif;\">Meie saated:<\/span><\/p>\n<p><span style=\"font-family: verdana, geneva, sans-serif;\">12.02.2026 &#8212; Anton Hansen Tammsaare. <a href=\"https:\/\/www.youtube.com\/watch?v=9FIo46dXCnE&amp;t=14s\">Armastus<\/a><\/span><\/p>\n<p><span style=\"font-family: verdana, geneva, sans-serif;\">23.12.2024 &#8212; <a href=\"https:\/\/www.youtube.com\/watch?v=Yg85NlBKzRQ&amp;t=1s\">Siimoni J\u00f5ulud<\/a> &#8212; Eve Tharlet<\/span><\/p>\n<p><span style=\"font-family: verdana, geneva, sans-serif;\">20.12.2022 &#8212; <a href=\"https:\/\/www.youtube.com\/watch?v=5W6sUBEnOe4\">Loeme j\u00f5ululugusid<\/a><\/span><\/p>\n<p><span style=\"font-family: verdana, geneva, sans-serif;\">05.12.2022 &#8212; <a href=\"https:\/\/www.youtube.com\/watch?v=_X-mghejDio\">Eesti keele \u00f5pikud<\/a><\/span><\/p>\n<p><span style=\"font-family: verdana, geneva, sans-serif;\">04.07.2022 &#8212; <a href=\"https:\/\/www.youtube.com\/watch?v=U8skoQT87c8\">Legend Narva neiust<\/a><\/span><\/p>\n<p><span style=\"font-family: verdana, geneva, sans-serif;\">22.12.2021 &#8212; Irene Vari. <a href=\"https:\/\/www.youtube.com\/watch?v=i2rK45-FKF0\">Lapsep\u00f5lvelood<\/a><\/span><\/p>\n<p><span style=\"font-family: verdana, geneva, sans-serif;\">10.08.2020 \u2013\u00a0 Jeanne-Marie Leprince de Beaumont.\u00a0<a href=\"https:\/\/www.youtube.com\/watch?v=o9PVe0H2MLo\">Kaunitar ja koletis<\/a><\/span><\/p>\n<p><span style=\"font-family: verdana, geneva, sans-serif;\">22.06.2020 \u2013 Maurice Maeterlinck.\u00a0<a href=\"https:\/\/www.youtube.com\/watch?v=swD2LrPUts4\">Sinilind<\/a><\/span><\/p>\n<p><span style=\"font-family: verdana, geneva, sans-serif;\">15.08.2020 \u2013 Andrus Kivirahk.\u00a0<a href=\"https:\/\/www.youtube.com\/watch?v=JrZ6ioSu8KE&amp;t=234s\">Leiutajatek\u00fcla Lotte\u00a0<\/a><\/span><\/p>\n<p><span style=\"font-family: verdana, geneva, sans-serif;\">01.06.2020 \u2013 Juhan Liivi ja Jakobi Liivi loomingule p\u00fchendatud\u00a0<a href=\"https:\/\/www.youtube.com\/watch?v=bbPYR1ZKgls\">etlusv\u00f5istluse eelvoor<\/a><\/span><\/p>\n<p><span style=\"font-family: verdana, geneva, sans-serif;\">18.05.2020 \u2013 Th\u00f6rbjorn Egner.\u00a0<a href=\"https:\/\/www.youtube.com\/watch?v=QDGTBy3exCE\">S\u00f6\u00f6bik ja Pisik<\/a><\/span><\/p>\n<p><span style=\"font-family: verdana, geneva, sans-serif;\">27.04.2020 \u2013 Robert Vaidlo.\u00a0<a href=\"https:\/\/www.youtube.com\/watch?v=Cdu5-ZK1aT4\">Kessu ja Tripp<\/a><\/span><\/p>\n<p><span style=\"font-family: verdana, geneva, sans-serif;\">20.04.2020 \u2013 Erich K\u00e4stner.\u00a0<a href=\"https:\/\/www.youtube.com\/watch?v=BHhfEdFmh6k\">Emil ja detektiivid\u00a0<\/a><\/span><\/p>\n<p><span style=\"font-family: verdana, geneva, sans-serif;\">13.04.2020 \u2013 Elar Kuus.\u00a0<a href=\"https:\/\/www.youtube.com\/watch?v=pnRYUm8m2JM\">Memme musi\u00a0<\/a><\/span><\/p>\n<p><span style=\"font-family: verdana, geneva, sans-serif;\">06.04.2020 \u2013 Heiki Vilep.\u00a0<a href=\"https:\/\/www.youtube.com\/watch?v=Z0gO1xnSLlg\">Une-Mati uued udujutud<\/a><\/span><\/p>\n<p><span style=\"font-family: verdana, geneva, sans-serif;\">30.03.2020 \u2013 Juhan Liiv.\u00a0<a href=\"https:\/\/www.youtube.com\/watch?v=SUx9qaiaCrg\">Tulevik<\/a><\/span><\/p>\n<p>&nbsp;<\/p>\n<p><span style=\"font-family: verdana, geneva, sans-serif;\"><a href=\"http:\/\/nkr.narvalib.ee\/lastekas\/chitaem-vmeste-na-youtube\">Venekeelsed saated<\/a><\/span><\/p>\n","protected":false},"excerpt":{"rendered":"<p>Narva Keskraamatukogu pakub raamatute ettelugemist YouTube\u2019i kanalis esmasp\u00e4eviti kell 15.00. Etteloetavad raamatud on olemas Narva Keskraamatukogu kogudes ja k\u00f5igile k\u00e4ttesaadavad. Tutvustame nii unustuseh\u00f5lma vajunud autoreid kui ka avastame uusi ning v\u00e4hetuntuid kirjanikke. Kanal sobib erinevate p\u00f5lvkondade esindajatele. K\u00fclastage meid! Kuulake,&#8230;<br \/><a class=\"read-more-button\" href=\"https:\/\/nkr.narvalib.ee\/lastekas\/et\/loeme-koos-youtubeis\">\u0414\u0410\u041b\u0415\u0415<\/a><\/p>\n","protected":false},"author":3,"featured_media":0,"parent":0,"menu_order":0,"comment_status":"closed","ping_status":"closed","template":"","meta":[],"_links":{"self":[{"href":"https:\/\/nkr.narvalib.ee\/lastekas\/wp-json\/wp\/v2\/pages\/6225"}],"collection":[{"href":"https:\/\/nkr.narvalib.ee\/lastekas\/wp-json\/wp\/v2\/pages"}],"about":[{"href":"https:\/\/nkr.narvalib.ee\/lastekas\/wp-json\/wp\/v2\/types\/page"}],"author":[{"embeddable":true,"href":"https:\/\/nkr.narvalib.ee\/lastekas\/wp-json\/wp\/v2\/users\/3"}],"replies":[{"embeddable":true,"href":"https:\/\/nkr.narvalib.ee\/lastekas\/wp-json\/wp\/v2\/comments?post=6225"}],"version-history":[{"count":0,"href":"https:\/\/nkr.narvalib.ee\/lastekas\/wp-json\/wp\/v2\/pages\/6225\/revisions"}],"wp:attachment":[{"href":"https:\/\/nkr.narvalib.ee\/lastekas\/wp-json\/wp\/v2\/media?parent=6225"}],"curies":[{"name":"wp","href":"https:\/\/api.w.org\/{rel}","templated":true}]}}