{"id":916,"date":"2021-09-04T10:25:13","date_gmt":"2021-09-04T08:25:13","guid":{"rendered":"http:\/\/www.narvalib.ee\/lastekas\/?page_id=916"},"modified":"2026-01-15T09:58:58","modified_gmt":"2026-01-15T07:58:58","slug":"pedagogu-detskogo-sada","status":"publish","type":"page","link":"https:\/\/nkr.narvalib.ee\/lastekas\/ru\/pedagogu\/pedagogu-detskogo-sada","title":{"rendered":"\u041f\u0435\u0434\u0430\u0433\u043e\u0433\u0443 \u0434\u0435\u0442\u0441\u043a\u043e\u0433\u043e \u0441\u0430\u0434\u0430"},"content":{"rendered":"<p><strong>\u00ab<\/strong><strong>\u0411\u0438\u0431\u043b\u0438\u043e\u0442\u0435\u043a\u0430 \u0432 \u0441\u0443\u043c\u043a\u0435<\/strong><strong>\u00bb<\/strong><\/p>\n<p><img loading=\"lazy\" class=\"alignleft\" src=\"http:\/\/nkr.narvalib.ee\/images\/news\/sumka.jpg\" alt=\"sumka\" width=\"251\" height=\"188\" \/>\u00ab\u0411\u0438\u0431\u043b\u0438\u043e\u0442\u0435\u043a\u0430 \u0432 \u0441\u0443\u043c\u043a\u0435\u00bb\u00a0&#8212; \u044d\u0442\u043e \u0431\u043e\u043b\u044c\u0448\u0430\u044f \u0441\u0443\u043c\u043a\u0430 \u0441 \u043b\u043e\u0433\u043e\u0442\u0438\u043f\u043e\u043c \u0431\u0438\u0431\u043b\u0438\u043e\u0442\u0435\u043a\u0438, \u043a\u043e\u0442\u043e\u0440\u0430\u044f \u043f\u0435\u0440\u0435\u0434\u0430\u0435\u0442\u0441\u044f \u0432 \u0433\u0440\u0443\u043f\u043f\u0443 \u0434\u0435\u0442\u0441\u043a\u043e\u0433\u043e \u0441\u0430\u0434\u0430 \u0441\u0440\u043e\u043a\u043e\u043c \u043d\u0430 21 \u0434\u0435\u043d\u044c. \u0412 \u043d\u0435\u0435 \u043f\u043e\u043c\u0435\u0449\u0430\u044e\u0442\u0441\u044f 15-20 \u043a\u043d\u0438\u0433 \u0434\u043b\u044f \u0434\u0435\u0442\u0435\u0439, \u043f\u0440\u0435\u0434\u0432\u0430\u0440\u0438\u0442\u0435\u043b\u044c\u043d\u043e \u043f\u043e\u0434\u043e\u0431\u0440\u0430\u043d\u043d\u044b\u0445 \u0438\u0445 \u043f\u0435\u0434\u0430\u0433\u043e\u0433\u043e\u043c (\u0438\u043b\u0438 \u0431\u0438\u0431\u043b\u0438\u043e\u0442\u0435\u043a\u0430\u0440\u0435\u043c \u0441 \u0443\u0447\u0435\u0442\u043e\u043c \u043f\u043e\u0436\u0435\u043b\u0430\u043d\u0438\u0439 \u043f\u0435\u0434\u0430\u0433\u043e\u0433\u0430) \u0432\u00a0\u0441\u043e\u043e\u0442\u0432\u0435\u0442\u0441\u0442\u0432\u0438\u0435 \u0441\u00a0\u0432\u043e\u0437\u0440\u0430\u0441\u0442\u043e\u043c \u0434\u0435\u0442\u0435\u0439, \u0430 \u0442\u0430\u043a\u0436\u0435 \u0441 \u0443\u0447\u0435\u0442\u043e\u043c \u0443\u0447\u0435\u0431\u043d\u043e\u0439 \u043f\u0440\u043e\u0433\u0440\u0430\u043c\u043c\u044b. \u0412 \u043f\u0435\u0440\u0432\u044b\u0439 \u0440\u0430\u0437 \u0432 \u0433\u0440\u0443\u043f\u043f\u0443 \u0441\u0443\u043c\u043a\u0443 \u0441 \u043a\u043d\u0438\u0433\u0430\u043c\u0438 \u043f\u0440\u0438\u043d\u043e\u0441\u0438\u0442 \u0442\u0430\u043b\u0438\u0441\u043c\u0430\u043d \u0434\u0435\u0442\u0441\u043a\u043e\u0433\u043e \u043e\u0442\u0434\u0435\u043b\u0430 \u0434\u0440\u0430\u043a\u043e\u043d\u0447\u0438\u043a \u042e\u043b\u0438\u0443\u0441 (\u0440\u043e\u0441\u0442\u043e\u0432\u0430\u044f \u043a\u0443\u043a\u043b\u0430); \u0442\u0430\u043a\u0436\u0435 \u0434\u043b\u044f \u0434\u0435\u0442\u0435\u0439 \u043f\u0440\u043e\u0432\u043e\u0434\u0438\u0442\u0441\u044f \u043a\u0440\u0430\u0442\u043a\u0438\u0439 \u043e\u0431\u0437\u043e\u0440 \u043f\u0440\u0438\u043d\u0435\u0441\u0435\u043d\u043d\u043e\u0439 \u043b\u0438\u0442\u0435\u0440\u0430\u0442\u0443\u0440\u044b.<\/p>\n<p>\u00ab\u0411\u0438\u0431\u043b\u0438\u043e\u0442\u0435\u043a\u0443 \u0432 \u0441\u0443\u043c\u043a\u0435\u00bb \u043c\u043e\u0436\u043d\u043e \u0437\u0430\u043a\u0430\u0437\u0430\u0442\u044c \u043a\u0430\u043a \u043e\u0434\u043d\u043e\u043a\u0440\u0430\u0442\u043d\u043e, \u0442\u0430\u043a \u0438 \u043f\u043e\u043b\u044c\u0437\u043e\u0432\u0430\u0442\u044c\u0441\u044f \u0435\u044e \u043d\u0430 \u043f\u0440\u043e\u0442\u044f\u0436\u0435\u043d\u0438\u0438 \u0443\u0447\u0435\u0431\u043d\u043e\u0433\u043e \u0433\u043e\u0434\u0430, \u043f\u0435\u0440\u0438\u043e\u0434\u0438\u0447\u0435\u0441\u043a\u0438 \u043c\u0435\u043d\u044f\u044f \u043b\u0438\u0442\u0435\u0440\u0430\u0442\u0443\u0440\u0443.<\/p>\n<p>\u041f\u043e \u0434\u0435\u0442\u0441\u043a\u0438\u043c \u0441\u0430\u0434\u0430\u043c \u041d\u0430\u0440\u0432\u044b \u043f\u0443\u0442\u0435\u0448\u0435\u0441\u0442\u0432\u0443\u044e\u0442 \u0434\u0435\u0432\u044f\u0442\u044c \u00ab\u0411\u0438\u0431\u043b\u0438\u043e\u0442\u0435\u043a \u0432 \u0441\u0443\u043c\u043a\u0435\u00bb.<\/p>\n<p>\u0413\u043b\u0430\u0432\u043d\u0430\u044f \u0437\u0430\u0434\u0430\u0447\u0430 \u0434\u0430\u043d\u043d\u043e\u0433\u043e \u043f\u0440\u043e\u0435\u043a\u0442\u0430 &#8212; \u043f\u043e\u0437\u043d\u0430\u043a\u043e\u043c\u0438\u0442\u044c \u00a0\u0434\u0435\u0442\u0435\u0439 \u0438 \u0432\u0437\u0440\u043e\u0441\u043b\u044b\u0445 \u0441 \u043c\u043d\u043e\u0433\u043e\u043e\u0431\u0440\u0430\u0437\u0438\u0435\u043c \u0438\u043d\u0442\u0435\u0440\u0435\u0441\u043d\u044b\u0445 \u0438 \u043f\u043e\u0437\u043d\u0430\u0432\u0430\u0442\u0435\u043b\u044c\u043d\u044b\u0445 \u0434\u0435\u0442\u0441\u043a\u0438\u0445 \u043a\u043d\u0438\u0433.<\/p>\n<p>\u0418\u043d\u0444\u043e\u0440\u043c\u0430\u0446\u0438\u044f: \u0414\u0435\u0442\u0441\u043a\u0438\u0439 \u043e\u0442\u0434\u0435\u043b \u041d\u0430\u0440\u0432\u0441\u043a\u043e\u0439 \u0446\u0435\u043d\u0442\u0440\u0430\u043b\u044c\u043d\u043e\u0439 \u0431\u0438\u0431\u043b\u0438\u043e\u0442\u0435\u043a\u0438. \u0422\u0435\u043b. 35 91467.<\/p>\n<p>&nbsp;<\/p>\n<p>Kooli ettevalmistusr\u00fchmade \u00f5pilastele 2025\/2026. \u00f5ppeaastal pakutavad raamatukogutunnid:<\/p>\n<table width=\"633\">\n<tbody>\n<tr>\n<td width=\"137\"><strong>\u00dcrituse nimi<\/strong><\/td>\n<td width=\"118\"><strong>T\u00fc\u00fcp<\/strong><\/td>\n<td width=\"291\"><strong>L\u00fchikirjeldus<\/strong><\/td>\n<td width=\"87\"><strong>Aeg<\/strong><\/td>\n<\/tr>\n<tr>\n<td width=\"137\">Avastusretk raamaturiiulite vahele<\/td>\n<td width=\"118\">Hariv<\/td>\n<td width=\"291\">Tutvustav tund, kus lapsed saavad avastada raamatukogu maailma \u2013 alates hiigelraamatutest kuni k\u00f5ige pisemateni. Eraldi t\u00e4helepanu saavad suurt\u00e4htraamatud, mis sobivad ideaalselt lugemist harjutavatele lastele.<\/td>\n<td width=\"87\">oktoober<\/td>\n<\/tr>\n<tr>\n<td width=\"137\">Aasta 2025 tegijad looduses<\/td>\n<td width=\"118\">Arendav<\/td>\n<td width=\"291\">Loodusteemaline s\u00fcndmus, mis innustab lapsi m\u00e4rkama ja m\u00f5istma meid \u00fcmbritsevat keskkonda.<\/td>\n<td width=\"87\">november<\/td>\n<\/tr>\n<tr>\n<td width=\"137\">Kuulge, kuulge, tuleb juba&#8230;<\/td>\n<td width=\"118\">Meelelahutuslik<\/td>\n<td width=\"291\">L\u00f5bus ja j\u00f5uluootuses s\u00e4rtsu andev \u00fcritus, t\u00e4is \u00fcllatusi ja j\u00f5ululugusid.<\/td>\n<td width=\"87\">detsember<\/td>\n<\/tr>\n<tr>\n<td width=\"137\">Lumememme saladused<\/td>\n<td width=\"118\">Hariv ja meelelahutuslik<\/td>\n<td width=\"291\">Talveteemaline \u00fcritus, kus m\u00e4ng ja \u00f5ppimine k\u00e4ivad k\u00e4sik\u00e4es.<\/td>\n<td width=\"87\">jaanuar<\/td>\n<\/tr>\n<tr>\n<td width=\"137\">Presidendilood (Aino Perviku raamatu ainetel)<\/td>\n<td width=\"118\">Hariv<\/td>\n<td width=\"291\">Hariv kohtumine lugude kaudu, mis tutvustavad Eesti Vabariigi presidendi rolli ja olulisust.<\/td>\n<td width=\"87\">veebruar<\/td>\n<\/tr>\n<tr>\n<td width=\"137\">Kevad tuleb k\u00fclla<\/td>\n<td width=\"118\">Hariv ja meelelahutuslik<\/td>\n<td width=\"291\">Kevade tulekust inspireeritud r\u00f5\u00f5mus \u00fcritus looduse, v\u00e4rvide ja valgusega.<\/td>\n<td width=\"87\">m\u00e4rts<\/td>\n<\/tr>\n<tr>\n<td width=\"137\">Une-Matiga m\u00f6\u00f6da Eestit (Dagmar Normeti raamatu ainetel)<\/td>\n<td width=\"118\">Arendav m\u00e4ng<\/td>\n<td width=\"291\">M\u00e4nguline retk l\u00e4bi Eesti unejuttude saatel, kus fantaasia ja \u00f5ppimine p\u00f5imuvad.<\/td>\n<td width=\"87\">aprill<\/td>\n<\/tr>\n<tr>\n<td width=\"137\">Imeline moondumine (Eric Carle\u2019i muinasjutu \u201eR\u00f6\u00f6vikul on k\u00f5ht t\u00fchi\u201c ainetel)<\/td>\n<td width=\"118\">Hariv ja loov<\/td>\n<td width=\"291\">Avastusretk l\u00e4bi \u00f6koloogilise muinasjutu, kus j\u00e4lgitakse r\u00f6\u00f6viku muutumist kauniks liblikaks.<\/td>\n<td width=\"87\">mai<\/td>\n<\/tr>\n<\/tbody>\n<\/table>\n<p>&nbsp;<\/p>\n<p>Eelinfo ja registreerumine: 3591467<\/p>\n","protected":false},"excerpt":{"rendered":"<p>\u00ab\u0411\u0438\u0431\u043b\u0438\u043e\u0442\u0435\u043a\u0430 \u0432 \u0441\u0443\u043c\u043a\u0435\u00bb \u00ab\u0411\u0438\u0431\u043b\u0438\u043e\u0442\u0435\u043a\u0430 \u0432 \u0441\u0443\u043c\u043a\u0435\u00bb\u00a0&#8212; \u044d\u0442\u043e \u0431\u043e\u043b\u044c\u0448\u0430\u044f \u0441\u0443\u043c\u043a\u0430 \u0441 \u043b\u043e\u0433\u043e\u0442\u0438\u043f\u043e\u043c \u0431\u0438\u0431\u043b\u0438\u043e\u0442\u0435\u043a\u0438, \u043a\u043e\u0442\u043e\u0440\u0430\u044f \u043f\u0435\u0440\u0435\u0434\u0430\u0435\u0442\u0441\u044f \u0432 \u0433\u0440\u0443\u043f\u043f\u0443 \u0434\u0435\u0442\u0441\u043a\u043e\u0433\u043e \u0441\u0430\u0434\u0430 \u0441\u0440\u043e\u043a\u043e\u043c \u043d\u0430 21 \u0434\u0435\u043d\u044c. \u0412 \u043d\u0435\u0435 \u043f\u043e\u043c\u0435\u0449\u0430\u044e\u0442\u0441\u044f 15-20 \u043a\u043d\u0438\u0433 \u0434\u043b\u044f \u0434\u0435\u0442\u0435\u0439, \u043f\u0440\u0435\u0434\u0432\u0430\u0440\u0438\u0442\u0435\u043b\u044c\u043d\u043e \u043f\u043e\u0434\u043e\u0431\u0440\u0430\u043d\u043d\u044b\u0445 \u0438\u0445 \u043f\u0435\u0434\u0430\u0433\u043e\u0433\u043e\u043c (\u0438\u043b\u0438 \u0431\u0438\u0431\u043b\u0438\u043e\u0442\u0435\u043a\u0430\u0440\u0435\u043c \u0441 \u0443\u0447\u0435\u0442\u043e\u043c \u043f\u043e\u0436\u0435\u043b\u0430\u043d\u0438\u0439 \u043f\u0435\u0434\u0430\u0433\u043e\u0433\u0430) \u0432\u00a0\u0441\u043e\u043e\u0442\u0432\u0435\u0442\u0441\u0442\u0432\u0438\u0435&#8230;<br \/><a class=\"read-more-button\" href=\"https:\/\/nkr.narvalib.ee\/lastekas\/ru\/pedagogu\/pedagogu-detskogo-sada\">\u0414\u0410\u041b\u0415\u0415<\/a><\/p>\n","protected":false},"author":3,"featured_media":0,"parent":53,"menu_order":0,"comment_status":"open","ping_status":"open","template":"","meta":[],"_links":{"self":[{"href":"https:\/\/nkr.narvalib.ee\/lastekas\/wp-json\/wp\/v2\/pages\/916"}],"collection":[{"href":"https:\/\/nkr.narvalib.ee\/lastekas\/wp-json\/wp\/v2\/pages"}],"about":[{"href":"https:\/\/nkr.narvalib.ee\/lastekas\/wp-json\/wp\/v2\/types\/page"}],"author":[{"embeddable":true,"href":"https:\/\/nkr.narvalib.ee\/lastekas\/wp-json\/wp\/v2\/users\/3"}],"replies":[{"embeddable":true,"href":"https:\/\/nkr.narvalib.ee\/lastekas\/wp-json\/wp\/v2\/comments?post=916"}],"version-history":[{"count":0,"href":"https:\/\/nkr.narvalib.ee\/lastekas\/wp-json\/wp\/v2\/pages\/916\/revisions"}],"up":[{"embeddable":true,"href":"https:\/\/nkr.narvalib.ee\/lastekas\/wp-json\/wp\/v2\/pages\/53"}],"wp:attachment":[{"href":"https:\/\/nkr.narvalib.ee\/lastekas\/wp-json\/wp\/v2\/media?parent=916"}],"curies":[{"name":"wp","href":"https:\/\/api.w.org\/{rel}","templated":true}]}}