{"id":965,"date":"2014-08-27T13:01:52","date_gmt":"2014-08-27T11:01:52","guid":{"rendered":"http:\/\/www.narvalib.ee\/lastekas\/?page_id=965"},"modified":"2026-01-22T15:21:59","modified_gmt":"2026-01-22T13:21:59","slug":"hakka-lugejaks","status":"publish","type":"page","link":"https:\/\/nkr.narvalib.ee\/lastekas\/et\/hakka-lugejaks","title":{"rendered":"Hakka lugejaks"},"content":{"rendered":"<p><span style=\"font-family: verdana, geneva, sans-serif;\">Et saada Narva Keskraamatukogu lugejaks on vaja:<\/span><\/p>\n<p><span style=\"font-family: verdana, geneva, sans-serif;\"><strong>Lastele<\/strong><\/span><\/p>\n<ul>\n<li><span style=\"font-family: verdana, geneva, sans-serif;\">Tulla raamatukokku koos vanemate -ja vanavanematega<\/span><\/li>\n<li><span style=\"font-family: verdana, geneva, sans-serif;\">Laste registreerimine toimub laste isikut t\u00f5endava dokumendi alusel ja vanema isiku t\u00f5endava dokumendi alusel<\/span><\/li>\n<li><span style=\"font-family: verdana, geneva, sans-serif;\">T\u00e4ita laste isikuandmete kaitse n\u00f5usoleku vormi.\u00a0Vanemate n\u00f5usoleku vormi isikuandmete t\u00f6\u00f6tlemiseks saab v\u00f5tta raamatukogust v\u00f5i <a href=\"https:\/\/drive.google.com\/file\/d\/1KbQSebQ0wCYu2mnDqbk4XU_6M-OKJWia\/view?usp=sharing\">v\u00e4lja tr\u00fckkida<\/a> .<\/span><\/li>\n<li><span style=\"font-family: verdana, geneva, sans-serif;\">Maksta laste lugejakaarti \u2013 0,80 senti<\/span><\/li>\n<\/ul>\n<p>&nbsp;<\/p>\n<p>&nbsp;<\/p>\n","protected":false},"excerpt":{"rendered":"<p>Et saada Narva Keskraamatukogu lugejaks on vaja: Lastele Tulla raamatukokku koos vanemate -ja vanavanematega Laste registreerimine toimub laste isikut t\u00f5endava dokumendi alusel ja vanema isiku t\u00f5endava dokumendi alusel T\u00e4ita laste isikuandmete kaitse n\u00f5usoleku vormi.\u00a0Vanemate n\u00f5usoleku vormi isikuandmete t\u00f6\u00f6tlemiseks saab v\u00f5tta&#8230;<br \/><a class=\"read-more-button\" href=\"https:\/\/nkr.narvalib.ee\/lastekas\/et\/hakka-lugejaks\">\u0414\u0410\u041b\u0415\u0415<\/a><\/p>\n","protected":false},"author":3,"featured_media":0,"parent":0,"menu_order":0,"comment_status":"open","ping_status":"open","template":"","meta":[],"_links":{"self":[{"href":"https:\/\/nkr.narvalib.ee\/lastekas\/wp-json\/wp\/v2\/pages\/965"}],"collection":[{"href":"https:\/\/nkr.narvalib.ee\/lastekas\/wp-json\/wp\/v2\/pages"}],"about":[{"href":"https:\/\/nkr.narvalib.ee\/lastekas\/wp-json\/wp\/v2\/types\/page"}],"author":[{"embeddable":true,"href":"https:\/\/nkr.narvalib.ee\/lastekas\/wp-json\/wp\/v2\/users\/3"}],"replies":[{"embeddable":true,"href":"https:\/\/nkr.narvalib.ee\/lastekas\/wp-json\/wp\/v2\/comments?post=965"}],"version-history":[{"count":0,"href":"https:\/\/nkr.narvalib.ee\/lastekas\/wp-json\/wp\/v2\/pages\/965\/revisions"}],"wp:attachment":[{"href":"https:\/\/nkr.narvalib.ee\/lastekas\/wp-json\/wp\/v2\/media?parent=965"}],"curies":[{"name":"wp","href":"https:\/\/api.w.org\/{rel}","templated":true}]}}